{"id":14,"date":"2025-06-12T10:32:17","date_gmt":"2025-06-12T10:32:17","guid":{"rendered":"https:\/\/dr-hintermueller.at\/home\/?page_id=14"},"modified":"2025-06-30T08:49:13","modified_gmt":"2025-06-30T08:49:13","slug":"14-2","status":"publish","type":"page","link":"https:\/\/dr-hintermueller.at\/home\/","title":{"rendered":"Herzlich Willkommen"},"content":{"rendered":"\t\t<div data-elementor-type=\"wp-page\" data-elementor-id=\"14\" class=\"elementor elementor-14\">\n\t\t\t\t<div class=\"elementor-element elementor-element-6314df1 rahmen e-flex e-con-boxed e-con e-parent\" data-id=\"6314df1\" data-element_type=\"container\">\n\t\t\t\t\t<div class=\"e-con-inner\">\n\t\t\t\t<div class=\"elementor-element elementor-element-ef53720 elementor-widget elementor-widget-heading\" data-id=\"ef53720\" data-element_type=\"widget\" data-widget_type=\"heading.default\">\n\t\t\t\t<div class=\"elementor-widget-container\">\n\t\t\t\t\t<h2 class=\"elementor-heading-title elementor-size-default\">Herzlich Willkommen<\/h2>\t\t\t\t<\/div>\n\t\t\t\t<\/div>\n\t\t\t\t<div class=\"elementor-element elementor-element-39b5216 elementor-widget elementor-widget-text-editor\" data-id=\"39b5216\" data-element_type=\"widget\" data-widget_type=\"text-editor.default\">\n\t\t\t\t<div class=\"elementor-widget-container\">\n\t\t\t\t\t\t\t\t\t<p><strong>&#8220;Die Erhaltung Ihrer Gesundheit ist unser gr\u00f6\u00dftes Anliegen, dabei \u00fcberlassen wir nichts dem Zufall!&#8221;<\/strong><\/p>\t\t\t\t\t\t\t\t<\/div>\n\t\t\t\t<\/div>\n\t\t<div class=\"elementor-element elementor-element-365c3fc e-con-full e-flex e-con e-child\" data-id=\"365c3fc\" data-element_type=\"container\">\n\t\t\t\t<div class=\"elementor-element elementor-element-f31887f elementor-widget elementor-widget-image\" data-id=\"f31887f\" data-element_type=\"widget\" data-widget_type=\"image.default\">\n\t\t\t\t<div class=\"elementor-widget-container\">\n\t\t\t\t\t\t\t\t\t\t\t\t\t\t\t<img fetchpriority=\"high\" decoding=\"async\" width=\"203\" height=\"267\" src=\"https:\/\/dr-hintermueller.at\/home\/wp-content\/uploads\/2025\/06\/HP_homepageneu_2.jpg\" class=\"attachment-large size-large wp-image-145\" alt=\"\" \/>\t\t\t\t\t\t\t\t\t\t\t\t\t\t\t<\/div>\n\t\t\t\t<\/div>\n\t\t\t\t<div class=\"elementor-element elementor-element-94ecfaa elementor-widget elementor-widget-text-editor\" data-id=\"94ecfaa\" data-element_type=\"widget\" data-widget_type=\"text-editor.default\">\n\t\t\t\t<div class=\"elementor-widget-container\">\n\t\t\t\t\t\t\t\t\t<p>Gehen Sie daher rechtzeitig und regelm\u00e4\u00dfig\u00a0<br \/>zur Untersuchung zu Ihrem Frauenarzt.<\/p><p>Vorsorge und Fr\u00fcherkennung sichern Ihre Gesundheit<br \/>und erh\u00f6hen die Heilungsaussichten.<\/p>\t\t\t\t\t\t\t\t<\/div>\n\t\t\t\t<\/div>\n\t\t\t\t<\/div>\n\t\t\t\t<div class=\"elementor-element elementor-element-6d744e1 elementor-widget elementor-widget-text-editor\" data-id=\"6d744e1\" data-element_type=\"widget\" data-widget_type=\"text-editor.default\">\n\t\t\t\t<div class=\"elementor-widget-container\">\n\t\t\t\t\t\t\t\t\t<p>Seit 01.01.2025 erreichen Sie mich als Vertretung von Frauenarzt und Geburtshelfer Dr. Andreas Bachmann (<a href=\"https:\/\/www.drbachmann.at\/\" target=\"_blank\" rel=\"noreferrer noopener\">https:\/\/www.drbachmann.at<\/a>), A-6020 Innsbruck, Marktgraben 16\/1 (Ecke Maria Theresienstra\u00dfe) unter der Telefonnummer +43 (0) 512-56 12 12.<\/p>\t\t\t\t\t\t\t\t<\/div>\n\t\t\t\t<\/div>\n\t\t\t\t<div class=\"elementor-element elementor-element-775d62a elementor-widget elementor-widget-text-editor\" data-id=\"775d62a\" data-element_type=\"widget\" data-widget_type=\"text-editor.default\">\n\t\t\t\t<div class=\"elementor-widget-container\">\n\t\t\t\t\t\t\t\t\t<p><b>Ordinationszeiten (Dr. Bachmann &#8211; Dr. Hinterm\u00fcller)<\/b><\/p>\n<p>Mo.: 09:00 \u2013&nbsp;16:00<br>Di.: 08:30 \u2013&nbsp;15:00<br>Mi.: 08:30 \u2013&nbsp;13:00<br>Do.: 08:00 \u2013&nbsp;17:00<br>Fr.: 08:00 \u2013 13:00<\/p>\t\t\t\t\t\t\t\t<\/div>\n\t\t\t\t<\/div>\n\t\t\t\t<div class=\"elementor-element elementor-element-89fb756 elementor-widget elementor-widget-text-editor\" data-id=\"89fb756\" data-element_type=\"widget\" data-widget_type=\"text-editor.default\">\n\t\t\t\t<div class=\"elementor-widget-container\">\n\t\t\t\t\t\t\t\t\t<p class=\"rahmen\">Als\u00a0<strong>Privatarzt\u00a0(Wahlarzt)<\/strong>\u00a0stehe ich Ihnen mit meinem Team jederzeit zur Verf\u00fcgung.\u00a0\u00a0<\/p>\t\t\t\t\t\t\t\t<\/div>\n\t\t\t\t<\/div>\n\t\t<div class=\"elementor-element elementor-element-6a9057d e-con-full e-flex e-con e-child\" data-id=\"6a9057d\" data-element_type=\"container\">\n\t\t\t\t<div class=\"elementor-element elementor-element-eb35cf6 elementor-widget elementor-widget-image\" data-id=\"eb35cf6\" data-element_type=\"widget\" data-widget_type=\"image.default\">\n\t\t\t\t<div class=\"elementor-widget-container\">\n\t\t\t\t\t\t\t\t\t\t\t\t\t\t\t<img decoding=\"async\" width=\"295\" height=\"141\" src=\"https:\/\/dr-hintermueller.at\/home\/wp-content\/uploads\/2025\/06\/combi1hellm.jpg\" class=\"attachment-large size-large wp-image-127\" alt=\"\" \/>\t\t\t\t\t\t\t\t\t\t\t\t\t\t\t<\/div>\n\t\t\t\t<\/div>\n\t\t\t\t<div class=\"elementor-element elementor-element-4cd6cf0 elementor-widget elementor-widget-image\" data-id=\"4cd6cf0\" data-element_type=\"widget\" data-widget_type=\"image.default\">\n\t\t\t\t<div class=\"elementor-widget-container\">\n\t\t\t\t\t\t\t\t\t\t\t\t\t\t\t<img decoding=\"async\" width=\"295\" height=\"138\" src=\"https:\/\/dr-hintermueller.at\/home\/wp-content\/uploads\/2025\/06\/combi2hell.jpg\" class=\"attachment-large size-large wp-image-128\" alt=\"\" \/>\t\t\t\t\t\t\t\t\t\t\t\t\t\t\t<\/div>\n\t\t\t\t<\/div>\n\t\t\t\t<\/div>\n\t\t\t\t\t<\/div>\n\t\t\t\t<\/div>\n\t\t\t\t<\/div>\n\t\t","protected":false},"excerpt":{"rendered":"<p>Herzlich Willkommen &#8220;Die Erhaltung Ihrer Gesundheit ist unser gr\u00f6\u00dftes Anliegen, dabei \u00fcberlassen wir nichts dem Zufall!&#8221; Gehen Sie daher rechtzeitig und regelm\u00e4\u00dfig\u00a0zur Untersuchung zu Ihrem Frauenarzt. Vorsorge und Fr\u00fcherkennung sichern Ihre Gesundheitund erh\u00f6hen die Heilungsaussichten. Seit 01.01.2025 erreichen Sie mich als Vertretung von Frauenarzt und Geburtshelfer Dr. Andreas Bachmann (https:\/\/www.drbachmann.at), A-6020 Innsbruck, Marktgraben 16\/1 (Ecke &#8230; <a title=\"Herzlich Willkommen\" class=\"read-more\" href=\"https:\/\/dr-hintermueller.at\/home\/\" aria-label=\"Read more about Herzlich Willkommen\">Read more<\/a><\/p>\n","protected":false},"author":1,"featured_media":0,"parent":0,"menu_order":0,"comment_status":"closed","ping_status":"closed","template":"","meta":{"footnotes":""},"class_list":["post-14","page","type-page","status-publish"],"_links":{"self":[{"href":"https:\/\/dr-hintermueller.at\/home\/wp-json\/wp\/v2\/pages\/14","targetHints":{"allow":["GET"]}}],"collection":[{"href":"https:\/\/dr-hintermueller.at\/home\/wp-json\/wp\/v2\/pages"}],"about":[{"href":"https:\/\/dr-hintermueller.at\/home\/wp-json\/wp\/v2\/types\/page"}],"author":[{"embeddable":true,"href":"https:\/\/dr-hintermueller.at\/home\/wp-json\/wp\/v2\/users\/1"}],"replies":[{"embeddable":true,"href":"https:\/\/dr-hintermueller.at\/home\/wp-json\/wp\/v2\/comments?post=14"}],"version-history":[{"count":80,"href":"https:\/\/dr-hintermueller.at\/home\/wp-json\/wp\/v2\/pages\/14\/revisions"}],"predecessor-version":[{"id":148,"href":"https:\/\/dr-hintermueller.at\/home\/wp-json\/wp\/v2\/pages\/14\/revisions\/148"}],"wp:attachment":[{"href":"https:\/\/dr-hintermueller.at\/home\/wp-json\/wp\/v2\/media?parent=14"}],"curies":[{"name":"wp","href":"https:\/\/api.w.org\/{rel}","templated":true}]}}