{"id":53,"date":"2025-06-12T11:00:28","date_gmt":"2025-06-12T11:00:28","guid":{"rendered":"https:\/\/dr-hintermueller.at\/home\/?page_id=53"},"modified":"2025-06-23T10:10:32","modified_gmt":"2025-06-23T10:10:32","slug":"impressum","status":"publish","type":"page","link":"https:\/\/dr-hintermueller.at\/home\/impressum\/","title":{"rendered":"Impressum"},"content":{"rendered":"\n<p><strong>Informationspflicht gem\u00e4\u00df \u00a7 5 Abs. 1 E-Commerce-Gesetz (ECG), \u00a7 25 Mediengesetz und \u00a7 63 \u00c4rztegesetz<\/strong><\/p>\n\n\n\n<p><strong>Medieninhaber, Herausgeber und f\u00fcr den Inhalt verantwortlich:<\/strong><br><strong>Dr. med. univ. Peter Hinterm\u00fcller<\/strong><br>Facharzt f\u00fcr Frauenheilkunde und Geburtshilfe<br>Marktgraben 16\/1, A-6020 Innsbruck<br>(Ecke Maria-Theresien-Stra\u00dfe)<br>Telefon: +43 512 56 12 12<br>Web: <a class=\"\" href=\"http:\/\/www.dr-hintermueller.at\/\">www.dr-hintermueller.at<\/a><br>E-Mail: <a>peter.hintermueller.tirol@aon.at<\/a><\/p>\n\n\n\n<p><strong>Kammerzugeh\u00f6rigkeit:<\/strong> \u00c4rztekammer f\u00fcr Tirol<br><strong>Berufsrechtliche Vorschriften:<\/strong> \u00c4rztegesetz 1998 (zug\u00e4nglich \u00fcber <a class=\"\" href=\"https:\/\/www.aekwien.at\">www.aekwien.at<\/a>)<br><strong>Aufsichtsbeh\u00f6rde:<\/strong> Landessanit\u00e4tsdirektion Tirol<\/p>\n\n\n\n<p><strong>Redaktion &amp; Inhalt:<\/strong><br>Dr. med. univ. Peter Hinterm\u00fcller<\/p>\n\n\n\n<p><strong>Konzept, Design &amp; technische Umsetzung:<\/strong><br>Dr. med. univ. Beate Panosch, LL.M. (Medizinrecht)<br>Fokus Dr. Panosch KG<br>E-Mail: <a>service@e-health.at<\/a><\/p>\n\n\n\n<p><strong>Webmaster &amp; Content Management:<\/strong><br>Dr. med. univ. Beate Panosch, LL.M.<br>E-Mail: <a>beate.panosch@e-health.at<\/a><\/p>\n\n\n\n<p><strong>Fotocredit:<\/strong> Beate Panosch<br><strong>Online seit:<\/strong> 24. M\u00e4rz 2002<br><strong>Letzte Aktualisierung:<\/strong> 02. Juni 2025<\/p>\n\n\n\n<h2 class=\"wp-block-heading\"><strong>Haftungsausschluss<\/strong><\/h2>\n\n\n\n<p>Alle Inhalte dieser Website dienen ausschlie\u00dflich der allgemeinen Information und ersetzen keinesfalls eine pers\u00f6nliche \u00e4rztliche Beratung, Diagnose oder Behandlung. Die Nutzung erfolgt auf eigene Gefahr. F\u00fcr Sch\u00e4den oder Unannehmlichkeiten, die durch den Gebrauch oder Missbrauch der Inhalte entstehen, wird keine Haftung \u00fcbernommen.<\/p>\n\n\n\n<p>Es werden keine individuellen medizinischen Ausk\u00fcnfte per E-Mail erteilt \u2013 weder Diagnosen noch Therapieempfehlungen.<\/p>\n\n\n\n<hr class=\"wp-block-separator has-alpha-channel-opacity\"\/>\n\n\n\n<h2 class=\"wp-block-heading\"><strong>Links zu externen Websites<\/strong><\/h2>\n\n\n\n<p>Trotz sorgf\u00e4ltiger inhaltlicher Kontrolle \u00fcbernehmen wir keine Haftung f\u00fcr die Inhalte externer Links. F\u00fcr den Inhalt der verlinkten Seiten sind ausschlie\u00dflich deren Betreiber verantwortlich. Wir distanzieren uns ausdr\u00fccklich von allen Inhalten verlinkter Seiten, auf deren Gestaltung wir keinen Einfluss haben.<\/p>\n\n\n\n<hr class=\"wp-block-separator has-alpha-channel-opacity\"\/>\n\n\n\n<h2 class=\"wp-block-heading\"><strong>Urheberrecht<\/strong><\/h2>\n\n\n\n<p>S\u00e4mtliche Texte, Bilder und sonstigen Inhalte dieser Website unterliegen dem Urheberrecht. Jegliche Verwendung, Vervielf\u00e4ltigung oder Verbreitung ist nur mit ausdr\u00fccklicher Genehmigung zul\u00e4ssig. Die Einbindung unserer Seiten in fremde Frames ist nicht gestattet.<\/p>\n","protected":false},"excerpt":{"rendered":"<p>Informationspflicht gem\u00e4\u00df \u00a7 5 Abs. 1 E-Commerce-Gesetz (ECG), \u00a7 25 Mediengesetz und \u00a7 63 \u00c4rztegesetz Medieninhaber, Herausgeber und f\u00fcr den Inhalt verantwortlich:Dr. med. univ. Peter Hinterm\u00fcllerFacharzt f\u00fcr Frauenheilkunde und GeburtshilfeMarktgraben 16\/1, A-6020 Innsbruck(Ecke Maria-Theresien-Stra\u00dfe)Telefon: +43 512 56 12 12Web: www.dr-hintermueller.atE-Mail: peter.hintermueller.tirol@aon.at Kammerzugeh\u00f6rigkeit: \u00c4rztekammer f\u00fcr TirolBerufsrechtliche Vorschriften: \u00c4rztegesetz 1998 (zug\u00e4nglich \u00fcber www.aekwien.at)Aufsichtsbeh\u00f6rde: Landessanit\u00e4tsdirektion Tirol Redaktion &amp; &#8230; <a title=\"Impressum\" class=\"read-more\" href=\"https:\/\/dr-hintermueller.at\/home\/impressum\/\" aria-label=\"Read more about Impressum\">Read more<\/a><\/p>\n","protected":false},"author":1,"featured_media":0,"parent":0,"menu_order":0,"comment_status":"closed","ping_status":"closed","template":"","meta":{"footnotes":""},"class_list":["post-53","page","type-page","status-publish"],"_links":{"self":[{"href":"https:\/\/dr-hintermueller.at\/home\/wp-json\/wp\/v2\/pages\/53","targetHints":{"allow":["GET"]}}],"collection":[{"href":"https:\/\/dr-hintermueller.at\/home\/wp-json\/wp\/v2\/pages"}],"about":[{"href":"https:\/\/dr-hintermueller.at\/home\/wp-json\/wp\/v2\/types\/page"}],"author":[{"embeddable":true,"href":"https:\/\/dr-hintermueller.at\/home\/wp-json\/wp\/v2\/users\/1"}],"replies":[{"embeddable":true,"href":"https:\/\/dr-hintermueller.at\/home\/wp-json\/wp\/v2\/comments?post=53"}],"version-history":[{"count":4,"href":"https:\/\/dr-hintermueller.at\/home\/wp-json\/wp\/v2\/pages\/53\/revisions"}],"predecessor-version":[{"id":59,"href":"https:\/\/dr-hintermueller.at\/home\/wp-json\/wp\/v2\/pages\/53\/revisions\/59"}],"wp:attachment":[{"href":"https:\/\/dr-hintermueller.at\/home\/wp-json\/wp\/v2\/media?parent=53"}],"curies":[{"name":"wp","href":"https:\/\/api.w.org\/{rel}","templated":true}]}}